{"id":10482,"date":"2020-12-16T14:46:48","date_gmt":"2020-12-16T11:46:48","guid":{"rendered":"https:\/\/sunselprofessional.com\/?post_type=product&#038;p=10482"},"modified":"2025-06-01T11:36:08","modified_gmt":"2025-06-01T08:36:08","slug":"nuova_simonelli_appia_life_standart","status":"publish","type":"product","link":"https:\/\/sunselprofessional.com\/en\/product\/nuova_simonelli_appia_life_standart\/","title":{"rendered":"Nuova Simonelli Appia Life Standard"},"content":{"rendered":"<div class=\"col-8 offset-2\">\n<div class=\"row\">\n<div class=\"col-12\">\n<div class=\"col-8 offset-2\">\n<h1 class=\"landingFull\">APPIA LIFE: BIR BA\u015eARI GARANTISI<\/h1>\n<\/div>\n<div class=\"col-8 offset-2\">\n<div class=\"content\">\n<p>Appia Life, Appia&#8217;n\u0131n ba\u015far\u0131s\u0131 temel al\u0131narak olu\u015fturulmu\u015ftur.\u00a0Y\u00fcksek \u00fcretkenli\u011fi ve y\u00fcksek performans\u0131 ile bu makine d\u00fcnya \u00e7ap\u0131nda binlerce barista taraf\u0131ndan takdir edilmektedir.<br \/>\nBasit ve yenilik\u00e7i.<\/p>\n<p>Appia life, yaln\u0131zca kan\u0131tlanm\u0131\u015f g\u00fcvenilirli\u011fi ile de\u011fil, ayn\u0131 zamanda onu benzersiz k\u0131lan modern tarz\u0131yla da \u00f6ne \u00e7\u0131k\u0131yor.\u00a0B\u00fcy\u00fck \u015firketler, kahve d\u00fckkan\u0131 zincirleri veya bol miktarda harika kahve haz\u0131rlaman\u0131n gerekti\u011fi her yerde m\u00fckemmel bir kahve makinesidir.<\/p>\n<p>Appia Life, enerji tasarrufu yapmak<br \/>\n, \u00e7evreyi s\u00fcrd\u00fcrmek ve uygun maliyetli olmak\u00a0i\u00e7in tasarlanm\u0131\u015ft\u0131r\u00a0.<\/p>\n<\/div>\n<\/div>\n<\/div>\n<\/div>\n<\/div>","protected":false},"excerpt":{"rendered":"<p>HIGH PRODUCTIVITY AND CONSISTENCY<\/p>\n<p>ENERGY SAVING AND COST EFFECTIVE<\/p>\n<p>GREAT COMFORT MEANS HAPPY BARISTS<\/p>\n<p>EVEN MORE ADVANCED<\/p>","protected":false},"featured_media":10483,"comment_status":"open","ping_status":"closed","template":"","meta":[],"_links":{"self":[{"href":"https:\/\/sunselprofessional.com\/en\/wp-json\/wp\/v2\/product\/10482"}],"collection":[{"href":"https:\/\/sunselprofessional.com\/en\/wp-json\/wp\/v2\/product"}],"about":[{"href":"https:\/\/sunselprofessional.com\/en\/wp-json\/wp\/v2\/types\/product"}],"replies":[{"embeddable":true,"href":"https:\/\/sunselprofessional.com\/en\/wp-json\/wp\/v2\/comments?post=10482"}],"wp:featuredmedia":[{"embeddable":true,"href":"https:\/\/sunselprofessional.com\/en\/wp-json\/wp\/v2\/media\/10483"}],"wp:attachment":[{"href":"https:\/\/sunselprofessional.com\/en\/wp-json\/wp\/v2\/media?parent=10482"}],"curies":[{"name":"wp","href":"https:\/\/api.w.org\/{rel}","templated":true}]}}