{"id":3745,"date":"2016-01-08T03:22:10","date_gmt":"2016-01-08T03:22:10","guid":{"rendered":"http:\/\/demo.drfuri.com\/mrbara\/?page_id=3745"},"modified":"2022-04-08T10:02:23","modified_gmt":"2022-04-08T07:02:23","slug":"home-full-width","status":"publish","type":"page","link":"https:\/\/sunselprofessional.com\/en\/","title":{"rendered":"Home Full Width"},"content":{"rendered":"<p>[vc_row full_width=&#8221;stretch_row_content_no_spaces&#8221;][vc_column][rev_slider_vc alias=&#8221;mrbara-full-width-1&#8243;][\/vc_column][\/vc_row][vc_row css=&#8221;.vc_custom_1476864319142{margin-top: 50px !important;padding-top: 65px !important;background-color: #ffffff !important;}&#8221; el_class=&#8221;no-margin-mobile&#8221;][vc_column]<div class=\"mrbara-heading  text-center  vc_custom_1611670498139 text-normal heading-style4\"><div class=\"row\"><div class=\"col-left  col-xs-2 col-md-1 col-sm-1\"><div class=\"mr-vertical-line\" ><\/div><\/div><div class=\"col-right col-xs-10 col-md-11 col-sm-11\"><div class=\"title\" style=\"font-size:34px;font-weight:300\"><p><span class=\"primary-color bold\">Industrial <\/span>Food, Beverage and Professional Hospitality Solutions<\/p>\n<\/div><\/div><\/div><\/div>[vc_row_inner][vc_column_inner width=&#8221;1\/12&#8243; offset=&#8221;vc_col-xs-2&#8243;][\/vc_column_inner][vc_column_inner width=&#8221;2\/3&#8243; offset=&#8221;vc_col-xs-10&#8243;][vc_column_text]<\/p>\n<p style=\"line-height: 2; color: #666;\"><span style=\"font-weight: 400;\">We create value for our customers by supplying products as well as industrial kitchen consultancy for businesses operating in the food, beverage, hospitality and accommodation sectors. In addition to supplying spare parts for industrial equipment from various parts of Europe and Turkey, we also provide service and maintenance of products with our qualified technicians.<\/span><\/p>\n<p>[\/vc_column_text][\/vc_column_inner][vc_column_inner width=&#8221;3\/12&#8243;][\/vc_column_inner][\/vc_row_inner][\/vc_column][\/vc_row][vc_row css=&#8221;.vc_custom_1476864331900{margin-top: 30px !important;padding-top: 50px !important;background-color: #ffffff !important;}&#8221; el_class=&#8221;no-margin-mobile&#8221;][vc_column width=&#8221;1\/12&#8243;][\/vc_column][vc_column width=&#8221;10\/12&#8243;]<div class=\"video-banner  video-style1\">\r\n\t\t\t\t<div class=\"banner-content\">\r\n\t\t\t\t\t<video height=\"490\" preload=\"none\" poster=\"https:\/\/sunselprofessional.com\/wp-content\/uploads\/2020\/12\/salva.jpg\" loop>\r\n\t\t\t\t\t\t<source src=\"https:\/\/sunselprofessional.com\/\" type=\"\">\r\n\t\t\t\t\t<\/video>\r\n\t\t\t\t\t  <div class=\"status\">\r\n\t\t\t\t<h3 class=\"text-play\">Play<\/h3><h3 class=\"text-pause\">Pause<\/h3>\r\n\t\t\t\t<i class=\"ion-ios-play\"><\/i>\r\n\t\t\t<\/div>\r\n                <\/div>\r\n\t\t\t<\/div>[\/vc_column][vc_column width=&#8221;1\/12&#8243;][\/vc_column][\/vc_row][vc_row css=&#8221;.vc_custom_1476864398323{margin-top: -150px !important;padding-top: 225px !important;background-color: #660000 !important;}&#8221;][vc_column el_class=&#8221;no-margin-mobile&#8221; css=&#8221;.vc_custom_1476864405785{margin-top: 50px !important;}&#8221;][vc_row_inner][vc_column_inner]<div class=\"mrbara-heading    vc_custom_1607178251119 text-large heading-style4\"><div class=\"row\"><div class=\"col-left  col-xs-2 col-md-1 col-sm-1\"><div class=\"mr-vertical-line\" style=\"background-color:#ffffff\"><\/div><\/div><div class=\"col-right col-xs-10 col-md-11 col-sm-11\"><div class=\"title\" style=\"font-size:36px;font-weight:300;color:#ffffff\"><p>Why is that<span class=\"bold\"> Sunsel Professional<\/span><\/p>\n<\/div><\/div><\/div><\/div>[\/vc_column_inner][\/vc_row_inner][vc_row_inner][vc_column_inner width=&#8221;1\/12&#8243; offset=&#8221;vc_col-xs-2&#8243;][\/vc_column_inner][vc_column_inner width=&#8221;2\/3&#8243; offset=&#8221;vc_col-xs-10&#8243;][vc_column_text]<\/p>\n<p style=\"line-height: 2;\">Sunsel Professional provides consultancy for you to create your industrial kitchen in the most ergonomic way with its expert staff and experience. While it offers high quality and spare parts supply, strong industrial kitchen equipment, it has a qualified team in service and maintenance.<\/p>\n<p>[\/vc_column_text][\/vc_column_inner][vc_column_inner width=&#8221;3\/12&#8243;][\/vc_column_inner][\/vc_row_inner][\/vc_column][\/vc_row][vc_row css=&#8221;.vc_custom_1472182628286{padding-top: 90px !important;padding-bottom: 90px !important;background-color: #660000 !important;}&#8221;][vc_column width=&#8221;1\/12&#8243; offset=&#8221;vc_col-xs-2&#8243;][\/vc_column][vc_column width=&#8221;1\/4&#8243; css=&#8221;.vc_custom_1472182667373{padding-bottom: 40px !important;}&#8221; offset=&#8221;vc_col-xs-10&#8243;]<div class=\"feature-box  style-1\"><div class=\"title\" ><p>good quality<\/p>\n<p>Products<\/p>\n<\/div><div class=\"desc\" >Sunsel Professional offers high quality industrial kitchen products from Europe and Turkey.<\/div><\/div>[\/vc_column][vc_column width=&#8221;1\/12&#8243; offset=&#8221;vc_col-xs-2&#8243;][\/vc_column][vc_column width=&#8221;1\/4&#8243; css=&#8221;.vc_custom_1472182693389{padding-bottom: 40px !important;}&#8221; offset=&#8221;vc_col-xs-10&#8243;]<div class=\"feature-box  style-1\"><div class=\"title\" ><p>Corporate<\/p>\n<p>Experience<\/p>\n<\/div><div class=\"desc\" >Our expert team prepares all the necessary details for you to set up the right kitchen in line with your needs.<\/div><\/div>[\/vc_column][vc_column width=&#8221;1\/12&#8243; offset=&#8221;vc_col-xs-2&#8243;][\/vc_column][vc_column width=&#8221;1\/4&#8243; css=&#8221;.vc_custom_1472182744957{padding-bottom: 40px !important;}&#8221; offset=&#8221;vc_col-xs-10&#8243;]<div class=\"feature-box  style-1\"><div class=\"title\" ><p>Strong<\/p>\n<p>Support<\/p>\n<\/div><div class=\"desc\" >While providing a strong supply of spare parts for all the products it offers, it has a competent team in maintenance and service.<\/div><\/div>[\/vc_column][\/vc_row][vc_row css=&#8221;.vc_custom_1476415264594{margin-top: 55px !important;padding-top: 70px !important;}&#8221; el_class=&#8221;no-margin-mobile&#8221;][vc_column]<div class=\"mrbara-heading    text-large heading-style4\"><div class=\"row\"><div class=\"col-left  col-xs-2 col-md-1 col-sm-1\"><div class=\"mr-vertical-line\" ><\/div><\/div><div class=\"col-right col-xs-10 col-md-11 col-sm-11\"><div class=\"title\" style=\"font-size:36px;font-weight:300\"><p>Popular <span class=\"primary-color bold\">Products<\/span><\/p>\n<\/div><\/div><\/div><\/div>[vc_row_inner][vc_column_inner css=&#8221;.vc_custom_1476414905779{margin-top: -35px !important;}&#8221; offset=&#8221;vc_hidden-sm vc_hidden-xs&#8221;]<div class=\"mrbara-link-container  link-style-2 text-right\"><a href=\"https:\/\/sunselprofessional.com\/en\/shop\/\" class=\"mrbara-link  show-icon color-primary\" style=\"font-weight:600\">All products<\/a><\/div>[\/vc_column_inner][\/vc_row_inner][\/vc_column][\/vc_row][vc_row full_width=&#8221;stretch_row_content_no_spaces&#8221; css=&#8221;.vc_custom_1476415228171{margin-top: 50px !important;margin-bottom: 30px !important;padding-top: 50px !important;padding-bottom: 70px !important;background-color: #ffffff !important;}&#8221; el_class=&#8221;no-margin-mobile&#8221;][vc_column]<div class=\"product-carousel woocommerce  style-1 columns-5 has-navigation\" id=\"products-carousel-69f966e92f1c3\"><div class=\"title\"><\/div><ul class=\"products columns-5\">\n<li class=\"product type-product post-10440 status-publish first instock product_cat-frenox has-post-thumbnail shipping-taxable product-type-simple\">\n\t<\/li>\n<li class=\"product type-product post-10419 status-publish instock product_cat-electrolux product_cat-firinlar has-post-thumbnail shipping-taxable product-type-simple\">\n\t<\/li>\n<li class=\"product type-product post-10442 status-publish instock product_cat-frenox has-post-thumbnail shipping-taxable product-type-simple\">\n\t<\/li>\n<li class=\"product type-product post-10421 status-publish instock product_cat-electrolux product_cat-firinlar has-post-thumbnail shipping-taxable product-type-simple\">\n\t<\/li>\n<li class=\"product type-product post-10446 status-publish last instock product_cat-hisar-celik has-post-thumbnail shipping-taxable product-type-simple\">\n\t<\/li>\n<\/ul>\n<\/div><div class=\"mrbara-link-container  link-style-2 text-center\"><a href=\"https:\/\/sunselprofessional.com\/en\/shop\/?orderby=date\" class=\"mrbara-link  show-icon color-primary\" >All products<\/a><\/div>[vc_row_inner][vc_column_inner offset=&#8221;vc_hidden-lg vc_hidden-md&#8221; css=&#8221;.vc_custom_1476414915771{margin-top: 30px !important;}&#8221;][\/vc_column_inner][\/vc_row_inner][vc_row_inner][vc_column_inner width=&#8221;1\/3&#8243;]<div class=\"mrbara-heading  text-center  text-large heading-style2\"><div class=\"title\" style=\"font-size:36px;font-weight:300\"><p>Electrolux <span class=\"primary-color bold\">Profess\u0131onal<\/span><\/p>\n <div class=\"mr-vertical-line\" ><\/div><\/div><\/div>[\/vc_column_inner][vc_column_inner width=&#8221;1\/3&#8243;][\/vc_column_inner][vc_column_inner width=&#8221;1\/3&#8243;][\/vc_column_inner][\/vc_row_inner][vc_row_inner][vc_column_inner]<div class=\"product-carousel woocommerce  style-1 columns-5\" id=\"products-carousel-69f966e930cd6\"><div class=\"title\"><\/div><ul class=\"products columns-5\">\n<li class=\"product type-product post-10430 status-publish first instock product_cat-electrolux product_cat-firinlar has-post-thumbnail shipping-taxable product-type-simple\">\n\t<\/li>\n<li class=\"product type-product post-10428 status-publish instock product_cat-electrolux product_cat-firinlar has-post-thumbnail shipping-taxable product-type-simple\">\n\t<\/li>\n<li class=\"product type-product post-10426 status-publish instock product_cat-electrolux product_cat-firinlar has-post-thumbnail shipping-taxable product-type-simple\">\n\t<\/li>\n<li class=\"product type-product post-10424 status-publish instock product_cat-electrolux product_cat-firinlar has-post-thumbnail shipping-taxable product-type-simple\">\n\t<\/li>\n<li class=\"product type-product post-10421 status-publish last instock product_cat-electrolux product_cat-firinlar has-post-thumbnail shipping-taxable product-type-simple\">\n\t<\/li>\n<\/ul>\n<\/div>[\/vc_column_inner][\/vc_row_inner][vc_btn title=&#8221;\u00dcr\u00fcnleri Ke\u015ffet&#8221; align=&#8221;center&#8221; link=&#8221;url:https%3A%2F%2Fsunselprofessional.com%2Fproduct-category%2Felectrolux%2F&#8221;][\/vc_column][\/vc_row][vc_row full_width=&#8221;stretch_row_content_no_spaces&#8221; css=&#8221;.vc_custom_1476417062219{padding-top: 70px !important;padding-bottom: 80px !important;background-color: #f5f5f5 !important;}&#8221;][vc_column]<div class=\"mrbara-newletter  newsletter-style2 textbox-light\" >\r\n\t\t\t\t<div class=\"container\">\r\n\t                <div class=\"row\">\r\n\t                    <div class=\"col-md-4 col-sm-12 col-xs-12 b-content\">\r\n\t                        <div class=\"title\" > <span>to the newsletter <\/span> Register<\/div>\r\n\t                    <\/div>\r\n\t                    <div class=\"col-md-8 col-sm-12 col-xs-12 b-form\">\r\n\t                    \t<div class=\"letter-fied\">\r\n\t  \t                        <script>(function() {\n\twindow.mc4wp = window.mc4wp || {\n\t\tlisteners: [],\n\t\tforms: {\n\t\t\ton: function(evt, cb) {\n\t\t\t\twindow.mc4wp.listeners.push(\n\t\t\t\t\t{\n\t\t\t\t\t\tevent   : evt,\n\t\t\t\t\t\tcallback: cb\n\t\t\t\t\t}\n\t\t\t\t);\n\t\t\t}\n\t\t}\n\t}\n})();\n<\/script><!-- Mailchimp for WordPress v4.8.1 - https:\/\/wordpress.org\/plugins\/mailchimp-for-wp\/ --><form id=\"mc4wp-form-1\" class=\"mc4wp-form mc4wp-form-4144\" method=\"post\" data-id=\"4144\" data-name=\"MrBara Form Subcribe\" action=\"\" ><div class=\"mc4wp-form-fields\"><input type=\"email\" name=\"EMAIL\" placeholder=\"Email Address\" required \/>\n<input type=\"submit\" value=\"subscribe\" \/><\/div><label style=\"display: none !important;\">Leave this field empty if you're human: <input type=\"text\" name=\"_mc4wp_honeypot\" value=\"\" tabindex=\"-1\" autocomplete=\"off\" \/><\/label><input type=\"hidden\" name=\"_mc4wp_timestamp\" value=\"1777952489\" \/><input type=\"hidden\" name=\"_mc4wp_form_id\" value=\"4144\" \/><input type=\"hidden\" name=\"_mc4wp_form_element_id\" value=\"mc4wp-form-1\" \/><div class=\"mc4wp-response\"><\/div><input type=\"hidden\" name=\"trp-form-language\" value=\"en\"\/><\/form><!-- \/ Mailchimp for WordPress Plugin -->\r\n\t\t\t\t\t\t\t<\/div>\r\n\t                    <\/div>\r\n\t                <\/div>\r\n\t            <\/div>\r\n\t\t\t<\/div>[\/vc_column][\/vc_row]<\/p>","protected":false},"excerpt":{"rendered":"<p>[vc_row full_width=&#8221;stretch_row_content_no_spaces&#8221;][vc_column][rev_slider_vc alias=&#8221;mrbara-full-width-1&#8243;][\/vc_column][\/vc_row][vc_row css=&#8221;.vc_custom_1476864319142{margin-top: 50px !important;padding-top: 65px !important;background-color: #ffffff !important;}&#8221; el_class=&#8221;no-margin-mobile&#8221;][vc_column][vc_row_inner][vc_column_inner width=&#8221;1\/12&#8243; offset=&#8221;vc_col-xs-2&#8243;][\/vc_column_inner][vc_column_inner width=&#8221;2\/3&#8243; offset=&#8221;vc_col-xs-10&#8243;][vc_column_text] Yiyecek, i\u00e7ecek, a\u011f\u0131rlama ve konaklama sekt\u00f6r\u00fcnde faaliyet g\u00f6steren i\u015fletmelerin end\u00fcstriyel mutfak dan\u0131\u015fmanl\u0131\u011f\u0131 yan\u0131nda \u00fcr\u00fcn tedari\u011fini&hellip;<\/p>","protected":false},"author":1,"featured_media":0,"parent":0,"menu_order":0,"comment_status":"open","ping_status":"closed","template":"template-homepage.php","meta":[],"_links":{"self":[{"href":"https:\/\/sunselprofessional.com\/en\/wp-json\/wp\/v2\/pages\/3745"}],"collection":[{"href":"https:\/\/sunselprofessional.com\/en\/wp-json\/wp\/v2\/pages"}],"about":[{"href":"https:\/\/sunselprofessional.com\/en\/wp-json\/wp\/v2\/types\/page"}],"author":[{"embeddable":true,"href":"https:\/\/sunselprofessional.com\/en\/wp-json\/wp\/v2\/users\/1"}],"replies":[{"embeddable":true,"href":"https:\/\/sunselprofessional.com\/en\/wp-json\/wp\/v2\/comments?post=3745"}],"version-history":[{"count":13,"href":"https:\/\/sunselprofessional.com\/en\/wp-json\/wp\/v2\/pages\/3745\/revisions"}],"predecessor-version":[{"id":10906,"href":"https:\/\/sunselprofessional.com\/en\/wp-json\/wp\/v2\/pages\/3745\/revisions\/10906"}],"wp:attachment":[{"href":"https:\/\/sunselprofessional.com\/en\/wp-json\/wp\/v2\/media?parent=3745"}],"curies":[{"name":"wp","href":"https:\/\/api.w.org\/{rel}","templated":true}]}}