{"id":10840,"date":"2021-05-01T20:13:18","date_gmt":"2021-05-01T17:13:18","guid":{"rendered":"https:\/\/sunselprofessional.com\/?page_id=10840"},"modified":"2021-05-01T20:56:20","modified_gmt":"2021-05-01T17:56:20","slug":"endustriyel-camasirhane","status":"publish","type":"page","link":"https:\/\/sunselprofessional.com\/en\/endustriyel-camasirhane\/","title":{"rendered":"Industrial Laundry"},"content":{"rendered":"<p>[vc_row disable_element=&#8221;yes&#8221; css=&#8221;.vc_custom_1619887704108{padding-top: 30px !important;}&#8221;][vc_column][vc_custom_heading text=&#8221;G\u00fcvenli ve ba\u015far\u0131l\u0131 bir yap\u0131 nas\u0131l planlan\u0131r&#8221; font_container=&#8221;tag:h1|text_align:center&#8221;][\/vc_column][\/vc_row][vc_row][vc_column width=&#8221;1\/2&#8243; css=&#8221;.vc_custom_1610985926062{padding-top: 20px !important;}&#8221;][vc_single_image image=&#8221;10841&#8243; img_size=&#8221;1000&#215;666&#8243; alignment=&#8221;center&#8221;][\/vc_column][vc_column width=&#8221;1\/2&#8243;][vc_empty_space height=&#8221;15px&#8221;][vc_row_inner][vc_column_inner]<div class=\"mrbara-icon-list icon-style2\">\r\n\t\t\t\t <span class=\"icon ion-arrow-right-b\"><\/span><div class=\"desc\"><h5>\u00d6nden Y\u00fcklemeli \u00c7ama\u015f\u0131r Makineleri<\/h5>\n<\/div>\r\n\t\t\t<\/div>[\/vc_column_inner][\/vc_row_inner][vc_row_inner][vc_column_inner]<div class=\"mrbara-icon-list icon-style2\">\r\n\t\t\t\t <span class=\"icon ion-arrow-right-b\"><\/span><div class=\"desc\"><h5>Bariyerli Y\u0131kama Makineleri<\/h5>\n<\/div>\r\n\t\t\t<\/div>[\/vc_column_inner][\/vc_row_inner][vc_row_inner][vc_column_inner]<div class=\"mrbara-icon-list icon-style2\">\r\n\t\t\t\t <span class=\"icon ion-arrow-right-b\"><\/span><div class=\"desc\"><h5>Yandan Y\u00fcklemeli \u00c7ama\u015f\u0131r Makineleri<\/h5>\n<\/div>\r\n\t\t\t<\/div>[\/vc_column_inner][\/vc_row_inner][vc_row_inner][vc_column_inner]<div class=\"mrbara-icon-list icon-style2\">\r\n\t\t\t\t <span class=\"icon ion-arrow-right-b\"><\/span><div class=\"desc\"><h5>Y\u0131kama ve Kurutma Makineleri<\/h5>\n<\/div>\r\n\t\t\t<\/div>[\/vc_column_inner][\/vc_row_inner][vc_row_inner][vc_column_inner]<div class=\"mrbara-icon-list icon-style2\">\r\n\t\t\t\t <span class=\"icon ion-arrow-right-b\"><\/span><div class=\"desc\"><h5>Dozajlama Sistemi<\/h5>\n<\/div>\r\n\t\t\t<\/div>[\/vc_column_inner][\/vc_row_inner][vc_empty_space][\/vc_column][\/vc_row][vc_row css=&#8221;.vc_custom_1610985202643{padding-bottom: 50px !important;}&#8221;][vc_column width=&#8221;1\/2&#8243;][vc_empty_space height=&#8221;15px&#8221;][vc_row_inner][vc_column_inner]<div class=\"mrbara-icon-list icon-style2\">\r\n\t\t\t\t <span class=\"icon ion-arrow-right-b\"><\/span><div class=\"desc\"><h5>Kurutma Makineleri<\/h5>\n<\/div>\r\n\t\t\t<\/div>[\/vc_column_inner][\/vc_row_inner][vc_row_inner][vc_column_inner]<div class=\"mrbara-icon-list icon-style2\">\r\n\t\t\t\t <span class=\"icon ion-arrow-right-b\"><\/span><div class=\"desc\"><h5>Kurutma Kabinleri<\/h5>\n<\/div>\r\n\t\t\t<\/div>[\/vc_column_inner][\/vc_row_inner][vc_row_inner][vc_column_inner]<div class=\"mrbara-icon-list icon-style2\">\r\n\t\t\t\t <span class=\"icon ion-arrow-right-b\"><\/span><div class=\"desc\"><h5>Y\u0131kama ve Kurutma Makineleri<\/h5>\n<\/div>\r\n\t\t\t<\/div>[\/vc_column_inner][\/vc_row_inner][vc_row_inner][vc_column_inner][vc_empty_space][vc_column_text]<\/p>\n<h4 style=\"text-align: center;\">Detayl\u0131 Bilgi Almak \u0130\u00e7in Bizimle \u0130leti\u015fime Ge\u00e7in&#8230;<\/h4>\n<p>[\/vc_column_text][vc_empty_space height=&#8221;20px&#8221;][vc_btn title=&#8221;\u0130leti\u015fim&#8221; style=&#8221;3d&#8221; color=&#8221;danger&#8221; align=&#8221;center&#8221; button_block=&#8221;true&#8221; link=&#8221;url:https%3A%2F%2Fsunselprofessional.com%2Filetisim%2F&#8221;][\/vc_column_inner][\/vc_row_inner][\/vc_column][vc_column width=&#8221;1\/2&#8243;][vc_single_image image=&#8221;10846&#8243; img_size=&#8221;full&#8221;][\/vc_column][\/vc_row]<\/p>","protected":false},"excerpt":{"rendered":"<p>[vc_row disable_element=&#8221;yes&#8221; css=&#8221;.vc_custom_1619887704108{padding-top: 30px !important;}&#8221;][vc_column][vc_custom_heading text=&#8221;G\u00fcvenli ve ba\u015far\u0131l\u0131 bir yap\u0131 nas\u0131l planlan\u0131r&#8221; font_container=&#8221;tag:h1|text_align:center&#8221;][\/vc_column][\/vc_row][vc_row][vc_column width=&#8221;1\/2&#8243; css=&#8221;.vc_custom_1610985926062{padding-top: 20px !important;}&#8221;][vc_single_image image=&#8221;10841&#8243; img_size=&#8221;1000&#215;666&#8243; alignment=&#8221;center&#8221;][\/vc_column][vc_column width=&#8221;1\/2&#8243;][vc_empty_space height=&#8221;15px&#8221;][vc_row_inner][vc_column_inner][\/vc_column_inner][\/vc_row_inner][vc_row_inner][vc_column_inner][\/vc_column_inner][\/vc_row_inner][vc_row_inner][vc_column_inner][\/vc_column_inner][\/vc_row_inner][vc_row_inner][vc_column_inner][\/vc_column_inner][\/vc_row_inner][vc_row_inner][vc_column_inner][\/vc_column_inner][\/vc_row_inner][vc_empty_space][\/vc_column][\/vc_row][vc_row css=&#8221;.vc_custom_1610985202643{padding-bottom: 50px !important;}&#8221;][vc_column width=&#8221;1\/2&#8243;][vc_empty_space height=&#8221;15px&#8221;][vc_row_inner][vc_column_inner][\/vc_column_inner][\/vc_row_inner][vc_row_inner][vc_column_inner][\/vc_column_inner][\/vc_row_inner][vc_row_inner][vc_column_inner][\/vc_column_inner][\/vc_row_inner][vc_row_inner][vc_column_inner][vc_empty_space][vc_column_text] Detayl\u0131 Bilgi Almak&hellip;<\/p>","protected":false},"author":1,"featured_media":0,"parent":0,"menu_order":0,"comment_status":"closed","ping_status":"closed","template":"template-full-width.php","meta":[],"_links":{"self":[{"href":"https:\/\/sunselprofessional.com\/en\/wp-json\/wp\/v2\/pages\/10840"}],"collection":[{"href":"https:\/\/sunselprofessional.com\/en\/wp-json\/wp\/v2\/pages"}],"about":[{"href":"https:\/\/sunselprofessional.com\/en\/wp-json\/wp\/v2\/types\/page"}],"author":[{"embeddable":true,"href":"https:\/\/sunselprofessional.com\/en\/wp-json\/wp\/v2\/users\/1"}],"replies":[{"embeddable":true,"href":"https:\/\/sunselprofessional.com\/en\/wp-json\/wp\/v2\/comments?post=10840"}],"version-history":[{"count":8,"href":"https:\/\/sunselprofessional.com\/en\/wp-json\/wp\/v2\/pages\/10840\/revisions"}],"predecessor-version":[{"id":10879,"href":"https:\/\/sunselprofessional.com\/en\/wp-json\/wp\/v2\/pages\/10840\/revisions\/10879"}],"wp:attachment":[{"href":"https:\/\/sunselprofessional.com\/en\/wp-json\/wp\/v2\/media?parent=10840"}],"curies":[{"name":"wp","href":"https:\/\/api.w.org\/{rel}","templated":true}]}}