{"id":10788,"date":"2021-05-01T17:41:35","date_gmt":"2021-05-01T14:41:35","guid":{"rendered":"https:\/\/sunselprofessional.com\/?page_id=10788"},"modified":"2021-05-01T20:51:50","modified_gmt":"2021-05-01T17:51:50","slug":"danismanlik-hizmetleri","status":"publish","type":"page","link":"https:\/\/sunselprofessional.com\/en\/danismanlik-hizmetleri\/","title":{"rendered":"Consultancy services"},"content":{"rendered":"<p>[vc_row css=&#8221;.vc_custom_1619881221411{padding-top: 65px !important;background-color: #ffffff !important;}&#8221; el_class=&#8221;no-margin-mobile&#8221;][vc_column]<div class=\"mrbara-heading    vc_custom_1619880045653 text-normal heading-style4\"><div class=\"row\"><div class=\"col-left  col-xs-2 col-md-1 col-sm-1\"><div class=\"mr-vertical-line\" ><\/div><\/div><div class=\"col-right col-xs-10 col-md-11 col-sm-11\"><div class=\"title\" style=\"font-size:34px;font-weight:300\"><p><span class=\"primary-color bold\">Concept and Brand Development<\/span><\/p>\n<\/div><\/div><\/div><\/div>[vc_row_inner][vc_column_inner width=&#8221;1\/12&#8243; offset=&#8221;vc_col-xs-2&#8243;][\/vc_column_inner][vc_column_inner width=&#8221;2\/3&#8243; offset=&#8221;vc_col-xs-10&#8243;][vc_column_text]Mekan\u0131n konsepti ve markas\u0131 hizmet edece\u011fi hedef kitle ile do\u011fru \u015fekilde ileti\u015fim i\u00e7inde olmal\u0131d\u0131r. Bunun i\u00e7in mekan\u0131n\u0131za do\u011fru kimli\u011fi yaratmakla i\u015fe ba\u015flaman\u0131z i\u00e7in \u00e7\u00f6z\u00fcmler olu\u015ftururuz.[\/vc_column_text][\/vc_column_inner][vc_column_inner width=&#8221;3\/12&#8243;][\/vc_column_inner][\/vc_row_inner][\/vc_column][\/vc_row][vc_row css=&#8221;.vc_custom_1476864331900{margin-top: 30px !important;padding-top: 50px !important;background-color: #ffffff !important;}&#8221; el_class=&#8221;no-margin-mobile&#8221;][vc_column width=&#8221;1\/12&#8243;][\/vc_column][vc_column width=&#8221;10\/12&#8243;][vc_single_image image=&#8221;10808&#8243; img_size=&#8221;full&#8221;][\/vc_column][vc_column width=&#8221;1\/12&#8243;][\/vc_column][\/vc_row][vc_row css=&#8221;.vc_custom_1619880274932{margin-top: -150px !important;margin-bottom: -150px !important;padding-top: 225px !important;padding-bottom: 225px !important;background-color: #660000 !important;}&#8221;][vc_column el_class=&#8221;no-margin-mobile&#8221; css=&#8221;.vc_custom_1476864405785{margin-top: 50px !important;}&#8221;][vc_row_inner][vc_column_inner]<div class=\"mrbara-heading    vc_custom_1619880381706 text-large heading-style4\"><div class=\"row\"><div class=\"col-left  col-xs-2 col-md-1 col-sm-1\"><div class=\"mr-vertical-line\" style=\"background-color:#ffffff\"><\/div><\/div><div class=\"col-right col-xs-10 col-md-11 col-sm-11\"><div class=\"title\" style=\"font-size:36px;font-weight:300;color:#ffffff\"><p><span class=\"bold\"> Espresso bar ve i\u015f ak\u0131\u015f\u0131 dizayn<\/span><\/p>\n<\/div><\/div><\/div><\/div>[\/vc_column_inner][\/vc_row_inner][vc_row_inner][vc_column_inner width=&#8221;1\/12&#8243; offset=&#8221;vc_col-xs-2&#8243;][\/vc_column_inner][vc_column_inner width=&#8221;2\/3&#8243; offset=&#8221;vc_col-xs-10&#8243;][vc_column_text]End\u00fcstriyel mutfaklar\u0131n\u0131z\u0131 en etkili ve fonksiyonel \u015fekilde tasarlar, do\u011fru i\u015f ak\u0131\u015f\u0131n\u0131 olu\u015fturarak, yo\u011fun tempoda \u00e7al\u0131\u015f\u0131rken ya\u015fanabilecek kaosu \u00f6nler, \u00e7al\u0131\u015fan ve m\u00fc\u015fteri memnuniyetine katk\u0131da bulunuruz.[\/vc_column_text][\/vc_column_inner][vc_column_inner width=&#8221;3\/12&#8243;][\/vc_column_inner][\/vc_row_inner][\/vc_column][\/vc_row][vc_row css=&#8221;.vc_custom_1476864319142{margin-top: 50px !important;padding-top: 65px !important;background-color: #ffffff !important;}&#8221; el_class=&#8221;no-margin-mobile&#8221;][vc_column]<div class=\"mrbara-heading    vc_custom_1619880860632 text-normal heading-style4\"><div class=\"row\"><div class=\"col-left  col-xs-2 col-md-1 col-sm-1\"><div class=\"mr-vertical-line\" ><\/div><\/div><div class=\"col-right col-xs-10 col-md-11 col-sm-11\"><div class=\"title\" style=\"font-size:34px;font-weight:300\"><p><span class=\"primary-color bold\">Product Equipment Selection<\/span><\/p>\n<\/div><\/div><\/div><\/div>[vc_row_inner][vc_column_inner width=&#8221;1\/12&#8243; offset=&#8221;vc_col-xs-2&#8243;][\/vc_column_inner][vc_column_inner width=&#8221;2\/3&#8243; offset=&#8221;vc_col-xs-10&#8243;][vc_column_text]Hedef kitlenize sunaca\u011f\u0131n\u0131z hizmet ve \u00fcr\u00fcnler i\u00e7in optimum b\u00fct\u00e7e kulland\u0131rma ve do\u011fru ekipman se\u00e7imi ile uzun soluklu yat\u0131r\u0131m yapman\u0131za yard\u0131mc\u0131 olmaktay\u0131z.[\/vc_column_text][\/vc_column_inner][vc_column_inner width=&#8221;3\/12&#8243;][\/vc_column_inner][\/vc_row_inner][\/vc_column][\/vc_row][vc_row css=&#8221;.vc_custom_1476864331900{margin-top: 30px !important;padding-top: 50px !important;background-color: #ffffff !important;}&#8221; el_class=&#8221;no-margin-mobile&#8221;][vc_column width=&#8221;1\/12&#8243;][\/vc_column][vc_column width=&#8221;10\/12&#8243;][vc_single_image image=&#8221;10810&#8243; img_size=&#8221;full&#8221;][\/vc_column][vc_column width=&#8221;1\/12&#8243;][\/vc_column][\/vc_row][vc_row css=&#8221;.vc_custom_1619880274932{margin-top: -150px !important;margin-bottom: -150px !important;padding-top: 225px !important;padding-bottom: 225px !important;background-color: #660000 !important;}&#8221;][vc_column el_class=&#8221;no-margin-mobile&#8221; css=&#8221;.vc_custom_1476864405785{margin-top: 50px !important;}&#8221;][vc_row_inner][vc_column_inner]<div class=\"mrbara-heading    vc_custom_1619880892461 text-large heading-style4\"><div class=\"row\"><div class=\"col-left  col-xs-2 col-md-1 col-sm-1\"><div class=\"mr-vertical-line\" style=\"background-color:#ffffff\"><\/div><\/div><div class=\"col-right col-xs-10 col-md-11 col-sm-11\"><div class=\"title\" style=\"font-size:36px;font-weight:300;color:#ffffff\"><p><span class=\"bold\"> Menu ve re\u00e7ete geli\u015ftirme<\/span><\/p>\n<\/div><\/div><\/div><\/div>[\/vc_column_inner][\/vc_row_inner][vc_row_inner][vc_column_inner width=&#8221;1\/12&#8243; offset=&#8221;vc_col-xs-2&#8243;][\/vc_column_inner][vc_column_inner width=&#8221;2\/3&#8243; offset=&#8221;vc_col-xs-10&#8243;][vc_column_text]Alan\u0131nda ba\u015far\u0131lar\u0131n\u0131 kan\u0131tlam\u0131\u015f \u00e7\u00f6z\u00fcm orta\u011f\u0131m\u0131z olan \u015eeflerimizle \u00e7al\u0131\u015farak, men\u00fc ve re\u00e7etelerinize profesyonel dokunu\u015flar yap\u0131yoruz.[\/vc_column_text][\/vc_column_inner][vc_column_inner width=&#8221;3\/12&#8243;][\/vc_column_inner][\/vc_row_inner][\/vc_column][\/vc_row]<\/p>","protected":false},"excerpt":{"rendered":"<p>[vc_row css=&#8221;.vc_custom_1619881221411{padding-top: 65px !important;background-color: #ffffff !important;}&#8221; el_class=&#8221;no-margin-mobile&#8221;][vc_column][vc_row_inner][vc_column_inner width=&#8221;1\/12&#8243; offset=&#8221;vc_col-xs-2&#8243;][\/vc_column_inner][vc_column_inner width=&#8221;2\/3&#8243; offset=&#8221;vc_col-xs-10&#8243;][vc_column_text]Mekan\u0131n konsepti ve markas\u0131 hizmet edece\u011fi hedef kitle ile do\u011fru \u015fekilde ileti\u015fim i\u00e7inde olmal\u0131d\u0131r. Bunun i\u00e7in mekan\u0131n\u0131za do\u011fru kimli\u011fi yaratmakla&hellip;<\/p>","protected":false},"author":1,"featured_media":0,"parent":0,"menu_order":0,"comment_status":"open","ping_status":"closed","template":"template-full-width.php","meta":[],"_links":{"self":[{"href":"https:\/\/sunselprofessional.com\/en\/wp-json\/wp\/v2\/pages\/10788"}],"collection":[{"href":"https:\/\/sunselprofessional.com\/en\/wp-json\/wp\/v2\/pages"}],"about":[{"href":"https:\/\/sunselprofessional.com\/en\/wp-json\/wp\/v2\/types\/page"}],"author":[{"embeddable":true,"href":"https:\/\/sunselprofessional.com\/en\/wp-json\/wp\/v2\/users\/1"}],"replies":[{"embeddable":true,"href":"https:\/\/sunselprofessional.com\/en\/wp-json\/wp\/v2\/comments?post=10788"}],"version-history":[{"count":19,"href":"https:\/\/sunselprofessional.com\/en\/wp-json\/wp\/v2\/pages\/10788\/revisions"}],"predecessor-version":[{"id":10811,"href":"https:\/\/sunselprofessional.com\/en\/wp-json\/wp\/v2\/pages\/10788\/revisions\/10811"}],"wp:attachment":[{"href":"https:\/\/sunselprofessional.com\/en\/wp-json\/wp\/v2\/media?parent=10788"}],"curies":[{"name":"wp","href":"https:\/\/api.w.org\/{rel}","templated":true}]}}