{"id":10721,"date":"2021-02-19T19:51:02","date_gmt":"2021-02-19T16:51:02","guid":{"rendered":"https:\/\/sunselprofessional.com\/?page_id=10721"},"modified":"2021-02-19T19:51:02","modified_gmt":"2021-02-19T16:51:02","slug":"urun-ekipman-secimi","status":"publish","type":"page","link":"https:\/\/sunselprofessional.com\/en\/urun-ekipman-secimi\/","title":{"rendered":"Product Equipment Selection"},"content":{"rendered":"<p>[vc_row css=&#8221;.vc_custom_1610985587357{padding-top: 30px !important;}&#8221;][vc_column][vc_custom_heading text=&#8221;G\u00fcvenli ve ba\u015far\u0131l\u0131 bir yap\u0131 nas\u0131l planlan\u0131r&#8221; font_container=&#8221;tag:h1|text_align:center&#8221;][\/vc_column][vc_column width=&#8221;1\/2&#8243;][vc_single_image image=&#8221;10576&#8243; img_size=&#8221;1000&#215;666&#8243; alignment=&#8221;center&#8221;][\/vc_column][vc_column width=&#8221;1\/2&#8243;][vc_column_text]Tasar\u0131m\u00a0, son se\u00e7imleri yapmadan \u00f6nce, yani\u00a0\u201cproje taraf\u0131ndan y\u00f6nlendirilmeden\u201d\u00a0\u00f6nce, projenin en ba\u015f\u0131ndan itibaren\u00a0bir y\u00f6ntemi, bir stratejiyi\u00a0, bir fikri\u00a0takip etmek anlam\u0131na gelir\u00a0.\u00a0Yap\u0131lacak ilk \u015feyler,\u00a0bir hedef belirlemek, yolu izlemek ve u\u00e7 noktay\u0131 asla g\u00f6zden ka\u00e7\u0131rmamakt\u0131r\u00a0.<\/p>\n<p>&nbsp;<\/p>\n<p>Knowing the target market, having the appropriate skills, focusing on innovation, whether technological or not, is essential. Next, it is necessary to follow a design method that affects the competitive advantage of the company, whether operating in a public enterprise, a laboratory or an industrial facility.<\/p>\n<p>&nbsp;<\/p>\n<p>Bu nedenle, bir Proje Y\u00f6neticisi taraf\u0131ndan koordine edilen\u00a0, becerileri entegre edebilen ve mevcut zaman\u0131 ve b\u00fct\u00e7eyi optimize edebilen\u00a0bir tasar\u0131m uzmanlar\u0131 ekibine g\u00fcvenmek \u00e7ok \u00f6nemlidir\u00a0.\u00a0Bu, mevcut unsurlar\u0131 analiz eden, ilgili akt\u00f6rleri hesaba katan, rekabeti ve i\u015f hedeflerini unutmadan \u00e7apraz bir analiz a\u015famas\u0131yla m\u00fcmk\u00fcnd\u00fcr.[\/vc_column_text][\/vc_column][\/vc_row][vc_row][vc_column width=&#8221;1\/2&#8243; css=&#8221;.vc_custom_1610985926062{padding-top: 20px !important;}&#8221;][vc_column_text]<\/p>\n<h4>Good intuition and sufficient budgets are not enough to create a high performance concept. There is a strong need for methods that have been tested with years of firsthand experience.<\/h4>\n<p>[\/vc_column_text][vc_column_text css=&#8221;.vc_custom_1610986021280{padding-top: 5px !important;}&#8221;]<\/p>\n<h5><strong>It is important to know that major social changes occur approximately every 10 years, but consumer tastes change every 5 years.<\/strong><\/h5>\n<p>[\/vc_column_text][vc_column_text css=&#8221;.vc_custom_1610985531029{padding-top: 5px !important;}&#8221;]\u00d6rne\u011fin i\u015f alanlar\u0131n\u0131 ele alal\u0131m.\u00a0\u00d6nceki bilgiler, in\u015faat i\u015flerine, tesislere ve ekipmanlara hangi ekonomik a\u011f\u0131rl\u0131\u011f\u0131n atfedilece\u011fini ve bunun yerine resepsiyon ve a\u011f\u0131rlama k\u0131sm\u0131na ne kadar atfedilece\u011fini \u00f6nermektedir.\u00a0Bununla birlikte, m\u00fc\u015fterinin sadece bir ihtiya\u00e7 veya ihtiyac\u0131n kar\u015f\u0131lanmas\u0131nda de\u011fil, ayn\u0131 zamanda uygun ve s\u00fcr\u00fckleyici bir \u201cduyusal deneyim\u201d de y\u00f6nlendirilmesi gerekti\u011fini unutmamal\u0131y\u0131z.[\/vc_column_text][\/vc_column][vc_column width=&#8221;1\/2&#8243;][vc_btn title=&#8221;Sunsel Professional \u0130le Tasar\u0131m Planlama Hizmetleri&#8221; style=&#8221;3d&#8221; color=&#8221;danger&#8221; align=&#8221;center&#8221; button_block=&#8221;true&#8221;][vc_row_inner][vc_column_inner]<div class=\"mrbara-icon-list icon-style2\">\r\n\t\t\t\t <span class=\"icon ion-arrow-right-b\"><\/span><div class=\"desc\"><h5>Concept definition<\/h5>\n<\/div>\r\n\t\t\t<\/div>[\/vc_column_inner][\/vc_row_inner][vc_row_inner][vc_column_inner]<div class=\"mrbara-icon-list icon-style2\">\r\n\t\t\t\t <span class=\"icon ion-arrow-right-b\"><\/span><div class=\"desc\"><h5>Needs analysis and feasibility study<\/h5>\n<h5><\/h5>\n<\/div>\r\n\t\t\t<\/div>[\/vc_column_inner][\/vc_row_inner][vc_row_inner][vc_column_inner]<div class=\"mrbara-icon-list icon-style2\">\r\n\t\t\t\t <span class=\"icon ion-arrow-right-b\"><\/span><div class=\"desc\"><h5>Pre-planning<\/h5>\n<\/div>\r\n\t\t\t<\/div>[\/vc_column_inner][\/vc_row_inner][vc_row_inner][vc_column_inner]<div class=\"mrbara-icon-list icon-style2\">\r\n\t\t\t\t <span class=\"icon ion-arrow-right-b\"><\/span><div class=\"desc\"><h5>Final and executive planning<\/h5>\n<\/div>\r\n\t\t\t<\/div>[\/vc_column_inner][\/vc_row_inner][vc_row_inner][vc_column_inner]<div class=\"mrbara-icon-list icon-style2\">\r\n\t\t\t\t <span class=\"icon ion-arrow-right-b\"><\/span><div class=\"desc\"><h5>Building and management of technical applications<\/h5>\n<\/div>\r\n\t\t\t<\/div>[\/vc_column_inner][\/vc_row_inner][vc_row_inner][vc_column_inner]<div class=\"mrbara-icon-list icon-style2\">\r\n\t\t\t\t <span class=\"icon ion-arrow-right-b\"><\/span><div class=\"desc\"><h5>Environmental and functional research<\/h5>\n<\/div>\r\n\t\t\t<\/div>[\/vc_column_inner][\/vc_row_inner][\/vc_column][\/vc_row][vc_row css=&#8221;.vc_custom_1610985202643{padding-bottom: 50px !important;}&#8221;][vc_column][\/vc_column][\/vc_row]<\/p>","protected":false},"excerpt":{"rendered":"<p>[vc_row css=&#8221;.vc_custom_1610985587357{padding-top: 30px !important;}&#8221;][vc_column][vc_custom_heading text=&#8221;G\u00fcvenli ve ba\u015far\u0131l\u0131 bir yap\u0131 nas\u0131l planlan\u0131r&#8221; font_container=&#8221;tag:h1|text_align:center&#8221;][\/vc_column][vc_column width=&#8221;1\/2&#8243;][vc_single_image image=&#8221;10576&#8243; img_size=&#8221;1000&#215;666&#8243; alignment=&#8221;center&#8221;][\/vc_column][vc_column width=&#8221;1\/2&#8243;][vc_column_text]Tasar\u0131m\u00a0, son se\u00e7imleri yapmadan \u00f6nce, yani\u00a0\u201cproje taraf\u0131ndan y\u00f6nlendirilmeden\u201d\u00a0\u00f6nce, projenin en ba\u015f\u0131ndan itibaren\u00a0bir y\u00f6ntemi, bir&hellip;<\/p>","protected":false},"author":1,"featured_media":0,"parent":0,"menu_order":0,"comment_status":"closed","ping_status":"closed","template":"template-full-width.php","meta":[],"_links":{"self":[{"href":"https:\/\/sunselprofessional.com\/en\/wp-json\/wp\/v2\/pages\/10721"}],"collection":[{"href":"https:\/\/sunselprofessional.com\/en\/wp-json\/wp\/v2\/pages"}],"about":[{"href":"https:\/\/sunselprofessional.com\/en\/wp-json\/wp\/v2\/types\/page"}],"author":[{"embeddable":true,"href":"https:\/\/sunselprofessional.com\/en\/wp-json\/wp\/v2\/users\/1"}],"replies":[{"embeddable":true,"href":"https:\/\/sunselprofessional.com\/en\/wp-json\/wp\/v2\/comments?post=10721"}],"version-history":[{"count":1,"href":"https:\/\/sunselprofessional.com\/en\/wp-json\/wp\/v2\/pages\/10721\/revisions"}],"predecessor-version":[{"id":10722,"href":"https:\/\/sunselprofessional.com\/en\/wp-json\/wp\/v2\/pages\/10721\/revisions\/10722"}],"wp:attachment":[{"href":"https:\/\/sunselprofessional.com\/en\/wp-json\/wp\/v2\/media?parent=10721"}],"curies":[{"name":"wp","href":"https:\/\/api.w.org\/{rel}","templated":true}]}}