{"id":10636,"date":"2021-01-18T20:19:28","date_gmt":"2021-01-18T17:19:28","guid":{"rendered":"https:\/\/sunselprofessional.com\/?page_id=10636"},"modified":"2021-02-19T19:55:56","modified_gmt":"2021-02-19T16:55:56","slug":"endustriyel-mutfak-ve-is-akisi-dizayn","status":"publish","type":"page","link":"https:\/\/sunselprofessional.com\/en\/endustriyel-mutfak-ve-is-akisi-dizayn\/","title":{"rendered":"Industrial Kitchen and Workflow Design"},"content":{"rendered":"<p>[vc_row css=&#8221;.vc_custom_1610985587357{padding-top: 30px !important;}&#8221;][vc_column][vc_custom_heading text=&#8221;Bir \u00fcr\u00fcn, \u00e7\u00f6z\u00fcmler sundu\u011funda ve hayat\u0131m\u0131z\u0131 de\u011fi\u015ftirdi\u011finde yenilik\u00e7idir&#8221; font_container=&#8221;tag:h2|text_align:center&#8221;][\/vc_column][vc_column width=&#8221;1\/2&#8243; css=&#8221;.vc_custom_1610990445750{padding-top: 50px !important;}&#8221;][vc_single_image image=&#8221;10637&#8243; img_size=&#8221;1000&#215;666&#8243; alignment=&#8221;center&#8221; css=&#8221;.vc_custom_1610990785164{margin-top: -20px !important;}&#8221;][vc_column_text css=&#8221;.vc_custom_1610990865582{margin-top: 20px !important;border-top-width: 20px !important;padding-top: 20px !important;}&#8221;]<\/p>\n<h4><strong>Yeni veya y\u00fckseltilmi\u015f \u00fcr\u00fcnlerin ara\u015ft\u0131r\u0131lmas\u0131 ve geli\u015ftirilmesi pahal\u0131 ve karma\u015f\u0131kt\u0131r ve akredite laboratuvarlarda do\u011frulanm\u0131\u015f metodolojiler izlenerek kalifiye personel taraf\u0131ndan yap\u0131lmal\u0131d\u0131r.<\/strong><\/h4>\n<p>[\/vc_column_text][\/vc_column][vc_column width=&#8221;1\/2&#8243;][vc_column_text]<\/p>\n<div class=\"wpb_text_column wpb_content_element\">\n<div class=\"wpb_wrapper\">\n<h2>G\u00fcvenli ve kaliteli bir \u00fcr\u00fcn nas\u0131l yap\u0131l\u0131r?<\/h2>\n<\/div>\n<\/div>\n<div class=\"wpb_text_column wpb_content_element\">\n<div class=\"wpb_wrapper\">\n<div class=\"page\" title=\"Sayfa 59\">\n<div class=\"section\">\n<div class=\"layoutArea\">\n<div class=\"column\">\n<p>Modern t\u00fcketici sa\u011fl\u0131kl\u0131, do\u011fal ve besleyici g\u0131dalar talep ediyor.\u00a0Bu nedenle, end\u00fcstriyel ve zanaatkar operat\u00f6rlerin\u00a0dikkatlerini\u00a0, hijyen, duyusal ve beslenme a\u00e7\u0131s\u0131ndan \u00fcst\u00fcn kalite lehine teknolojilerin faydalar\u0131ndan yararlanmaya izin veren\u00a0\u00fcr\u00fcnlerin ara\u015ft\u0131rma ve geli\u015ftirmesine\u00a0yo\u011funla\u015ft\u0131rmas\u0131\u00a0gerekir\u00a0.<\/p>\n<p>&nbsp;<\/p>\n<p>End\u00fcstriyel ve zanaatk\u00e2r KOB\u0130&#8217;ler yenili\u011fin faydalar\u0131n\u0131 anl\u0131yor\u00a0.\u00a0Ancak,\u00a0yeni pazar f\u0131rsatlar\u0131n\u0131 yakalamak i\u00e7in teknik-bilimsel faaliyetlere odaklanan\u00a0s\u00fcrekli g\u00fcncellenen bir yap\u0131n\u0131n sabit maliyetlerini kar\u015f\u0131layacak becerilerden ve ekonomik kaynaklardan genellikle yoksundurlar\u00a0.<\/p>\n<p>&nbsp;<\/p>\n<p>So\u011futulmu\u015f, derin dondurulmu\u015f veya stabilize g\u0131dalar\u00a0\u00fczerinde yap\u0131lan\u00a0hijyenik, teknolojik ve besinsel\u00a0de\u011ferlendirmeler\u00a0, \u00fcr\u00fcn\u00fcn ticari \u00f6mr\u00fcn\u00fc ve marjlar\u0131n\u0131 belirlemek,\u00a0t\u00fcketicileri do\u011fru bilgilendirmek ve marka imaj\u0131n\u0131 korumak i\u00e7in\u00a0esast\u0131r\u00a0.<\/p>\n<p>&nbsp;<\/p>\n<p>\u00c7ok \u00f6nemlidir\u00a0, yenilik\u00e7i ve s\u00fcrd\u00fcr\u00fclebilir s\u00fcre\u00e7ler, uyumlu etiketleme ve maliyet kontrol\u00fc ile yap\u0131lan \u00f6zg\u00fcn tarifleri i\u00e7ine yeni fikirler \u00e7evirmek i\u00e7in\u00a0, sim\u00fclasyon ba\u015flayarak ve fiili \u00fcretim hatt\u0131na faz pilot, ayr\u0131ca talimat ve personelin e\u011fitilmesi.<\/p>\n<\/div>\n<\/div>\n<\/div>\n<\/div>\n<\/div>\n<\/div>\n<p>[\/vc_column_text][\/vc_column][\/vc_row][vc_row][vc_column width=&#8221;1\/2&#8243;][vc_column_text css=&#8221;.vc_custom_1610990596637{padding-top: 20px !important;}&#8221;]\u00d6zel ve kamu pazar\u0131n\u0131n geni\u015f vizyonuna ve Sunsel Professional Ekibi gibi bu alandaki entegre becerilere sahip uzmanlara g\u00fcvenmek \u00f6nemlidir. M\u00fc\u015fterilerimizi ba\u015far\u0131ya giden yolda ki\u015fiselle\u015ftirilmi\u015f hizmetlerle destekliyoruz.[\/vc_column_text][\/vc_column][vc_column width=&#8221;1\/2&#8243; css=&#8221;.vc_custom_1610990897154{padding-top: 10px !important;}&#8221;][vc_btn title=&#8221;Sunsel Professional Ara\u015ft\u0131rma ve Geli\u015ftirme Hizmetleri&#8221; style=&#8221;3d&#8221; color=&#8221;danger&#8221; align=&#8221;center&#8221; button_block=&#8221;true&#8221;][vc_column_text css=&#8221;.vc_custom_1610990651091{padding-top: 5px !important;padding-bottom: 10px !important;}&#8221;]<\/p>\n<h4><strong>\u00d6zel ve kamu pazar\u0131n\u0131n geni\u015f vizyonuna ve Sunsel Professional Ekibi gibi bu alandaki entegre becerilere sahip uzmanlara g\u00fcvenmek \u00f6nemlidir. M\u00fc\u015fterilerimizi ba\u015far\u0131ya giden yolda ki\u015fiselle\u015ftirilmi\u015f hizmetlerle destekliyoruz.<\/strong><\/h4>\n<p>[\/vc_column_text][vc_row_inner][vc_column_inner]<div class=\"mrbara-icon-list icon-style2\">\r\n\t\t\t\t <span class=\"icon ion-arrow-right-b\"><\/span><div class=\"desc\"><h6>S\u00fcre\u00e7 do\u011frulama ve \u00fcr\u00fcn geli\u015ftirme<\/h6>\n<\/div>\r\n\t\t\t<\/div>[\/vc_column_inner][\/vc_row_inner][vc_row_inner][vc_column_inner]<div class=\"mrbara-icon-list icon-style2\">\r\n\t\t\t\t <span class=\"icon ion-arrow-right-b\"><\/span><div class=\"desc\"><h6>Ticarile\u015ftirme i\u00e7in etiketlemenin do\u011frulanmas\u0131<\/h6>\n<h5><\/h5>\n<\/div>\r\n\t\t\t<\/div>[\/vc_column_inner][\/vc_row_inner][vc_row_inner][vc_column_inner]<div class=\"mrbara-icon-list icon-style2\">\r\n\t\t\t\t <span class=\"icon ion-arrow-right-b\"><\/span><div class=\"desc\"><h6>Uluslararas\u0131 pazar i\u00e7in format veri sayfalar\u0131n\u0131n ger\u00e7ekle\u015ftirilmesi<\/h6>\n<\/div>\r\n\t\t\t<\/div>[\/vc_column_inner][\/vc_row_inner][vc_row_inner][vc_column_inner]<div class=\"mrbara-icon-list icon-style2\">\r\n\t\t\t\t <span class=\"icon ion-arrow-right-b\"><\/span><div class=\"desc\"><h6>\u00dcretim s\u00fcrecinin ba\u015flat\u0131lmas\u0131 ve optimizasyonu konusunda yard\u0131m<\/h6>\n<\/div>\r\n\t\t\t<\/div>[\/vc_column_inner][\/vc_row_inner][\/vc_column][\/vc_row][vc_row css=&#8221;.vc_custom_1610985202643{padding-bottom: 50px !important;}&#8221;][vc_column][\/vc_column][\/vc_row]<\/p>","protected":false},"excerpt":{"rendered":"<p>[vc_row css=&#8221;.vc_custom_1610985587357{padding-top: 30px !important;}&#8221;][vc_column][vc_custom_heading text=&#8221;Bir \u00fcr\u00fcn, \u00e7\u00f6z\u00fcmler sundu\u011funda ve hayat\u0131m\u0131z\u0131 de\u011fi\u015ftirdi\u011finde yenilik\u00e7idir&#8221; font_container=&#8221;tag:h2|text_align:center&#8221;][\/vc_column][vc_column width=&#8221;1\/2&#8243; css=&#8221;.vc_custom_1610990445750{padding-top: 50px !important;}&#8221;][vc_single_image image=&#8221;10637&#8243; img_size=&#8221;1000&#215;666&#8243; alignment=&#8221;center&#8221; css=&#8221;.vc_custom_1610990785164{margin-top: -20px !important;}&#8221;][vc_column_text css=&#8221;.vc_custom_1610990865582{margin-top: 20px !important;border-top-width: 20px !important;padding-top: 20px !important;}&#8221;]&hellip;<\/p>","protected":false},"author":1,"featured_media":0,"parent":0,"menu_order":0,"comment_status":"closed","ping_status":"closed","template":"template-full-width.php","meta":[],"_links":{"self":[{"href":"https:\/\/sunselprofessional.com\/en\/wp-json\/wp\/v2\/pages\/10636"}],"collection":[{"href":"https:\/\/sunselprofessional.com\/en\/wp-json\/wp\/v2\/pages"}],"about":[{"href":"https:\/\/sunselprofessional.com\/en\/wp-json\/wp\/v2\/types\/page"}],"author":[{"embeddable":true,"href":"https:\/\/sunselprofessional.com\/en\/wp-json\/wp\/v2\/users\/1"}],"replies":[{"embeddable":true,"href":"https:\/\/sunselprofessional.com\/en\/wp-json\/wp\/v2\/comments?post=10636"}],"version-history":[{"count":20,"href":"https:\/\/sunselprofessional.com\/en\/wp-json\/wp\/v2\/pages\/10636\/revisions"}],"predecessor-version":[{"id":10729,"href":"https:\/\/sunselprofessional.com\/en\/wp-json\/wp\/v2\/pages\/10636\/revisions\/10729"}],"wp:attachment":[{"href":"https:\/\/sunselprofessional.com\/en\/wp-json\/wp\/v2\/media?parent=10636"}],"curies":[{"name":"wp","href":"https:\/\/api.w.org\/{rel}","templated":true}]}}